{"id":8,"date":"2016-02-27T19:07:44","date_gmt":"2016-02-27T19:07:44","guid":{"rendered":"http:\/\/www.horda.com.ar\/?page_id=8"},"modified":"2022-07-12T16:06:26","modified_gmt":"2022-07-12T19:06:26","slug":"horda","status":"publish","type":"page","link":"https:\/\/www.horda.com.ar\/fr\/horda\/","title":{"rendered":"Editorial"},"content":{"rendered":"\n\t\t<style type=\"text\/css\">\n\t\t\t#gallery-1 {\n\t\t\t\tmargin: auto;\n\t\t\t}\n\t\t\t#gallery-1 .gallery-item {\n\t\t\t\tfloat: left;\n\t\t\t\tmargin-top: 10px;\n\t\t\t\ttext-align: center;\n\t\t\t\twidth: 33%;\n\t\t\t}\n\t\t\t#gallery-1 img {\n\t\t\t\tborder: 2px solid #cfcfcf;\n\t\t\t}\n\t\t\t#gallery-1 .gallery-caption {\n\t\t\t\tmargin-left: 0;\n\t\t\t}\n\t\t\t\/* see gallery_shortcode() in wp-includes\/media.php *\/\n\t\t<\/style>\n\t\t<div id='gallery-1' class='gallery galleryid-8 gallery-columns-3 gallery-size-large'><dl class='gallery-item'>\n\t\t\t<dt class='gallery-icon portrait'>\n\t\t\t\t<a href='https:\/\/www.horda.com.ar\/fr\/bitnus\/img_0996-1024x1024\/'><img loading=\"lazy\" decoding=\"async\" width=\"620\" height=\"830\" src=\"https:\/\/www.horda.com.ar\/wp-content\/uploads\/2016\/03\/IMG_0996-1024x1024-765x1024.jpg\" class=\"attachment-large size-large\" alt=\"\" srcset=\"https:\/\/www.horda.com.ar\/wp-content\/uploads\/2016\/03\/IMG_0996-1024x1024.jpg 765w, https:\/\/www.horda.com.ar\/wp-content\/uploads\/2016\/03\/IMG_0996-1024x1024-224x300.jpg 224w, https:\/\/www.horda.com.ar\/wp-content\/uploads\/2016\/03\/IMG_0996-1024x1024-508x680.jpg 508w\" sizes=\"auto, (max-width: 620px) 100vw, 620px\" \/><\/a>\n\t\t\t<\/dt><\/dl><dl class='gallery-item'>\n\t\t\t<dt class='gallery-icon portrait'>\n\t\t\t\t<a href='https:\/\/www.horda.com.ar\/fr\/horda\/nuestrosfetiches\/'><img loading=\"lazy\" decoding=\"async\" width=\"585\" height=\"592\" src=\"https:\/\/www.horda.com.ar\/wp-content\/uploads\/2016\/02\/nuestrosfetiches.png\" class=\"attachment-large size-large\" alt=\"\" srcset=\"https:\/\/www.horda.com.ar\/wp-content\/uploads\/2016\/02\/nuestrosfetiches.png 585w, https:\/\/www.horda.com.ar\/wp-content\/uploads\/2016\/02\/nuestrosfetiches-296x300.png 296w, https:\/\/www.horda.com.ar\/wp-content\/uploads\/2016\/02\/nuestrosfetiches-88x88.png 88w, https:\/\/www.horda.com.ar\/wp-content\/uploads\/2016\/02\/nuestrosfetiches-508x514.png 508w\" sizes=\"auto, (max-width: 585px) 100vw, 585px\" \/><\/a>\n\t\t\t<\/dt><\/dl><dl class='gallery-item'>\n\t\t\t<dt class='gallery-icon portrait'>\n\t\t\t\t<a href='https:\/\/www.horda.com.ar\/fr\/horda\/1fc51ffa7ee657fd1ade7d7f8e50af9c\/'><img loading=\"lazy\" decoding=\"async\" width=\"620\" height=\"825\" src=\"https:\/\/www.horda.com.ar\/wp-content\/uploads\/2016\/02\/1fc51ffa7ee657fd1ade7d7f8e50af9c.jpg\" class=\"attachment-large size-large\" alt=\"\" srcset=\"https:\/\/www.horda.com.ar\/wp-content\/uploads\/2016\/02\/1fc51ffa7ee657fd1ade7d7f8e50af9c.jpg 640w, https:\/\/www.horda.com.ar\/wp-content\/uploads\/2016\/02\/1fc51ffa7ee657fd1ade7d7f8e50af9c-225x300.jpg 225w, https:\/\/www.horda.com.ar\/wp-content\/uploads\/2016\/02\/1fc51ffa7ee657fd1ade7d7f8e50af9c-508x676.jpg 508w\" sizes=\"auto, (max-width: 620px) 100vw, 620px\" \/><\/a>\n\t\t\t<\/dt><\/dl><br style=\"clear: both\" \/>\n\t\t<\/div>\n\n<p>&nbsp;<\/p>\n<p>HORDA est une maison d\u2019\u00e9dition ind\u00e9pendante cr\u00e9\u00e9e par <a href=\"https:\/\/twitter.com\/anneszt\">Anne Sztejnberg<\/a> et <a href=\"https:\/\/twitter.com\/luzpearson\">Luz Pearson<\/a>, \u00e9voluant \u00e0 travers un r\u00e9seau d&rsquo;amiti\u00e9s, d\u2019amours, de bonnes volont\u00e9s et de solidarit\u00e9s.<\/p>\n<p>Nous publions des livres en papier mais \u00e9galement des objets \u201ctextuels\u201dqui distribuent les versions num\u00e9riques de nos livres. Les livres peuvent vivres dans les mains ou \u00eatre transport\u00e9s sur le corps, comme des tatouages.<\/p>\n<p>Nous voulons encourager l\u2019\u00e9criture : les oralit\u00e9s, les histoires frontali\u00e8res, les genres non conventionnels, les \u00e9crits en devenir. Nos collections \u00e9mergent dans ce sens : D\u00e9sir, En cours, M\u00e9moire.<\/p>\n<p>HORDA est notre espace de libert\u00e9 : en transformation permanente en fonction du contexte et de nos d\u00e9sirs.<\/p>\n<p>Les livres qui nous int\u00e9ressent r\u00e9fl\u00e9chissent et agissent sur notre actualit\u00e9. Nous pr\u00e9tendons traduire des livres \u00e9crits au Sud du monde et les faire voyager vers d&rsquo;autres latitudes. Une horde a sa propre langue. Quand une horde en rencontre une autre, il en \u00e9merge des mots encore jamais dits.<\/p>\n","protected":false},"excerpt":{"rendered":"<p>&nbsp; HORDA est une maison d\u2019\u00e9dition ind\u00e9pendante cr\u00e9\u00e9e par Anne Sztejnberg et Luz Pearson, \u00e9voluant \u00e0 travers un r\u00e9seau d&rsquo;amiti\u00e9s, d\u2019amours, de bonnes volont\u00e9s et de solidarit\u00e9s. Nous&#8230;<\/p>\n","protected":false},"author":1,"featured_media":508,"parent":0,"menu_order":0,"comment_status":"closed","ping_status":"closed","template":"","meta":{"footnotes":""},"class_list":["post-8","page","type-page","status-publish","has-post-thumbnail","hentry"],"translation":{"provider":"WPGlobus","version":"3.0.0","language":"fr","enabled_languages":["es","fr"],"languages":{"es":{"title":true,"content":true,"excerpt":false},"fr":{"title":false,"content":true,"excerpt":false}}},"_links":{"self":[{"href":"https:\/\/www.horda.com.ar\/fr\/wp-json\/wp\/v2\/pages\/8","targetHints":{"allow":["GET"]}}],"collection":[{"href":"https:\/\/www.horda.com.ar\/fr\/wp-json\/wp\/v2\/pages"}],"about":[{"href":"https:\/\/www.horda.com.ar\/fr\/wp-json\/wp\/v2\/types\/page"}],"author":[{"embeddable":true,"href":"https:\/\/www.horda.com.ar\/fr\/wp-json\/wp\/v2\/users\/1"}],"replies":[{"embeddable":true,"href":"https:\/\/www.horda.com.ar\/fr\/wp-json\/wp\/v2\/comments?post=8"}],"version-history":[{"count":10,"href":"https:\/\/www.horda.com.ar\/fr\/wp-json\/wp\/v2\/pages\/8\/revisions"}],"predecessor-version":[{"id":904,"href":"https:\/\/www.horda.com.ar\/fr\/wp-json\/wp\/v2\/pages\/8\/revisions\/904"}],"wp:featuredmedia":[{"embeddable":true,"href":"https:\/\/www.horda.com.ar\/fr\/wp-json\/wp\/v2\/media\/508"}],"wp:attachment":[{"href":"https:\/\/www.horda.com.ar\/fr\/wp-json\/wp\/v2\/media?parent=8"}],"curies":[{"name":"wp","href":"https:\/\/api.w.org\/{rel}","templated":true}]}}